{"id":7396,"date":"2023-08-28T13:02:23","date_gmt":"2023-08-28T13:02:23","guid":{"rendered":"https:\/\/leonardodavinci.lv\/?page_id=7396"},"modified":"2023-08-28T13:03:59","modified_gmt":"2023-08-28T13:03:59","slug":"tulkojumi","status":"publish","type":"page","link":"https:\/\/leonardodavinci.lv\/it\/tulkojumi\/","title":{"rendered":"Tulkojumi"},"content":{"rendered":"\t\t<div data-elementor-type=\"wp-page\" data-elementor-id=\"7396\" class=\"elementor elementor-7396 elementor-6960\" data-elementor-post-type=\"page\">\n\t\t\t\t\t\t<section class=\"elementor-section elementor-top-section elementor-element elementor-element-480a0b56 elementor-section-content-middle elementor-section-boxed elementor-section-height-default elementor-section-height-default elementor-invisible\" data-id=\"480a0b56\" data-element_type=\"section\" data-e-type=\"section\" data-settings=\"{&quot;background_background&quot;:&quot;classic&quot;,&quot;animation&quot;:&quot;fadeIn&quot;}\">\n\t\t\t\t\t\t<div class=\"elementor-container elementor-column-gap-default\">\n\t\t\t\t\t<div class=\"elementor-column elementor-col-100 elementor-top-column elementor-element elementor-element-7f925849\" data-id=\"7f925849\" data-element_type=\"column\" data-e-type=\"column\">\n\t\t\t<div class=\"elementor-widget-wrap elementor-element-populated\">\n\t\t\t\t\t\t<div class=\"elementor-element elementor-element-7dd4fdb7 elementor-widget__width-auto elementor-widget-tablet__width-initial elementor-hidden-mobile elementor-absolute elementor-invisible elementor-widget elementor-widget-image\" data-id=\"7dd4fdb7\" data-element_type=\"widget\" data-e-type=\"widget\" data-settings=\"{&quot;_animation&quot;:&quot;zoomIn&quot;,&quot;_animation_delay&quot;:300,&quot;_position&quot;:&quot;absolute&quot;}\" data-widget_type=\"image.default\">\n\t\t\t\t<div class=\"elementor-widget-container\">\n\t\t\t\t\t\t\t\t\t\t\t\t\t\t\t<img decoding=\"async\" width=\"131\" height=\"120\" src=\"https:\/\/leonardodavinci.lv\/wp-content\/uploads\/2023\/08\/particles_1.png\" class=\"attachment-full size-full wp-image-7076\" alt=\"\" \/>\t\t\t\t\t\t\t\t\t\t\t\t\t\t\t<\/div>\n\t\t\t\t<\/div>\n\t\t\t\t<div class=\"elementor-element elementor-element-7c8219ef elementor-widget__width-auto elementor-widget-tablet__width-initial elementor-hidden-tablet elementor-hidden-mobile elementor-absolute elementor-invisible elementor-widget elementor-widget-image\" data-id=\"7c8219ef\" data-element_type=\"widget\" data-e-type=\"widget\" data-settings=\"{&quot;_animation&quot;:&quot;rollIn&quot;,&quot;_animation_delay&quot;:300,&quot;_position&quot;:&quot;absolute&quot;}\" data-widget_type=\"image.default\">\n\t\t\t\t<div class=\"elementor-widget-container\">\n\t\t\t\t\t\t\t\t\t\t\t\t\t\t\t<img decoding=\"async\" width=\"59\" height=\"59\" src=\"https:\/\/leonardodavinci.lv\/wp-content\/uploads\/2023\/08\/particles_2.png\" class=\"attachment-full size-full wp-image-7075\" alt=\"\" \/>\t\t\t\t\t\t\t\t\t\t\t\t\t\t\t<\/div>\n\t\t\t\t<\/div>\n\t\t\t\t<div class=\"elementor-element elementor-element-7512ac47 elementor-widget__width-auto elementor-widget-tablet__width-initial elementor-hidden-mobile elementor-absolute elementor-invisible elementor-widget elementor-widget-image\" data-id=\"7512ac47\" data-element_type=\"widget\" data-e-type=\"widget\" data-settings=\"{&quot;_animation&quot;:&quot;zoomIn&quot;,&quot;_animation_delay&quot;:300,&quot;_position&quot;:&quot;absolute&quot;}\" data-widget_type=\"image.default\">\n\t\t\t\t<div class=\"elementor-widget-container\">\n\t\t\t\t\t\t\t\t\t\t\t\t\t\t\t<img decoding=\"async\" width=\"88\" height=\"72\" src=\"https:\/\/leonardodavinci.lv\/wp-content\/uploads\/2023\/08\/particles_3.png\" class=\"attachment-full size-full wp-image-7074\" alt=\"\" \/>\t\t\t\t\t\t\t\t\t\t\t\t\t\t\t<\/div>\n\t\t\t\t<\/div>\n\t\t\t\t<div class=\"elementor-element elementor-element-39f57606 elementor-invisible elementor-widget elementor-widget-elementskit-heading\" data-id=\"39f57606\" data-element_type=\"widget\" data-e-type=\"widget\" data-settings=\"{&quot;_animation&quot;:&quot;fadeInDown&quot;}\" data-widget_type=\"elementskit-heading.default\">\n\t\t\t\t<div class=\"elementor-widget-container\">\n\t\t\t\t\t<div class=\"ekit-wid-con\" ><div class=\"ekit-heading elementskit-section-title-wraper text_center   ekit_heading_tablet-   ekit_heading_mobile-\"><h1 class=\"ekit-heading--title elementskit-section-title \">Testi precedenti<\/h1><\/div><\/div>\t\t\t\t<\/div>\n\t\t\t\t<\/div>\n\t\t\t\t\t<\/div>\n\t\t<\/div>\n\t\t\t\t\t<\/div>\n\t\t<\/section>\n\t\t\t\t<section class=\"elementor-section elementor-top-section elementor-element elementor-element-4bc10965 elementor-section-content-middle elementor-section-boxed elementor-section-height-default elementor-section-height-default\" data-id=\"4bc10965\" data-element_type=\"section\" data-e-type=\"section\">\n\t\t\t\t\t\t<div class=\"elementor-container elementor-column-gap-default\">\n\t\t\t\t\t<div class=\"elementor-column elementor-col-50 elementor-top-column elementor-element elementor-element-37ba4cca\" data-id=\"37ba4cca\" data-element_type=\"column\" data-e-type=\"column\">\n\t\t\t<div class=\"elementor-widget-wrap elementor-element-populated\">\n\t\t\t\t\t\t<div class=\"elementor-element elementor-element-2d28b559 elementor-invisible elementor-widget elementor-widget-image\" data-id=\"2d28b559\" data-element_type=\"widget\" data-e-type=\"widget\" data-settings=\"{&quot;_animation&quot;:&quot;rotateInDownLeft&quot;}\" data-widget_type=\"image.default\">\n\t\t\t\t<div class=\"elementor-widget-container\">\n\t\t\t\t\t\t\t\t\t\t\t\t\t\t\t<img loading=\"lazy\" decoding=\"async\" width=\"1372\" height=\"2059\" src=\"https:\/\/leonardodavinci.lv\/wp-content\/uploads\/2023\/08\/pexels-cottonbro-studio-4881619-1372-x-2059-1.jpg\" class=\"attachment-full size-full wp-image-7157\" alt=\"\" srcset=\"https:\/\/leonardodavinci.lv\/wp-content\/uploads\/2023\/08\/pexels-cottonbro-studio-4881619-1372-x-2059-1.jpg 1372w, https:\/\/leonardodavinci.lv\/wp-content\/uploads\/2023\/08\/pexels-cottonbro-studio-4881619-1372-x-2059-1-200x300.jpg 200w, https:\/\/leonardodavinci.lv\/wp-content\/uploads\/2023\/08\/pexels-cottonbro-studio-4881619-1372-x-2059-1-682x1024.jpg 682w, https:\/\/leonardodavinci.lv\/wp-content\/uploads\/2023\/08\/pexels-cottonbro-studio-4881619-1372-x-2059-1-768x1153.jpg 768w, https:\/\/leonardodavinci.lv\/wp-content\/uploads\/2023\/08\/pexels-cottonbro-studio-4881619-1372-x-2059-1-1024x1536.jpg 1024w, https:\/\/leonardodavinci.lv\/wp-content\/uploads\/2023\/08\/pexels-cottonbro-studio-4881619-1372-x-2059-1-1365x2048.jpg 1365w\" sizes=\"(max-width: 1372px) 100vw, 1372px\" \/>\t\t\t\t\t\t\t\t\t\t\t\t\t\t\t<\/div>\n\t\t\t\t<\/div>\n\t\t\t\t\t<\/div>\n\t\t<\/div>\n\t\t\t\t<div class=\"elementor-column elementor-col-50 elementor-top-column elementor-element elementor-element-25cdd7b0\" data-id=\"25cdd7b0\" data-element_type=\"column\" data-e-type=\"column\">\n\t\t\t<div class=\"elementor-widget-wrap elementor-element-populated\">\n\t\t\t\t\t\t<div class=\"elementor-element elementor-element-48691505 elementor-invisible elementor-widget elementor-widget-heading\" data-id=\"48691505\" data-element_type=\"widget\" data-e-type=\"widget\" data-settings=\"{&quot;_animation&quot;:&quot;fadeInUp&quot;}\" data-widget_type=\"heading.default\">\n\t\t\t\t<div class=\"elementor-widget-container\">\n\t\t\t\t\t<h3 class=\"elementor-heading-title elementor-size-default\">Insieme ai nostri istruttori esperti<\/h3>\t\t\t\t<\/div>\n\t\t\t\t<\/div>\n\t\t\t\t<div class=\"elementor-element elementor-element-1da4bd2d elementor-invisible elementor-widget elementor-widget-text-editor\" data-id=\"1da4bd2d\" data-element_type=\"widget\" data-e-type=\"widget\" data-settings=\"{&quot;_animation&quot;:&quot;fadeInUp&quot;}\" data-widget_type=\"text-editor.default\">\n\t\t\t\t<div class=\"elementor-widget-container\">\n\t\t\t\t\t\t\t\t\t<p>Benvenuti nel nostro centro di traduzioni linguistiche e traduzioni simultanee. Offriamo una variet\u00e0 di servizi di traduzione e interpretariato tra le lingue italiana, russa e lettone, aiutandovi a stabilire una comunicazione efficace nel mondo degli affari multilingue.<\/p><p>Ci\u00f2 che rende unici i nostri servizi linguistici:<\/p><p>1. Traduttori professionisti: collaboriamo con traduttori esperti e qualificati che possiedono non solo competenze linguistiche, ma anche una profonda conoscenza della sfera aziendale.<\/p><p>2. \u0420\u0430\u0437\u043d\u043e\u043e\u0431\u0440\u0430\u0437\u043d\u044b\u0435 \u042f\u0437\u044b\u043a\u043e\u0432\u044b\u0435 \u041d\u0430\u043f\u0440\u0430\u0432\u043b\u0435\u043d\u0438\u044f: Il nostro comando copre le traduzioni dall&#8217;italiano e dal lettone al russo e viceversa, nonch\u00e9 dal russo e dal lettone all&#8217;italiano. Questo ci consente di fornire una gamma completa di soluzioni linguistiche.<\/p><p>3. Interpreti sincroni professionisti: forniamo servizi di traduzione simultanea in occasione di riunioni ed eventi aziendali in cui \u00e8 importante mantenere una comunicazione continua.<\/p><p>4. Formazione aziendale: forniamo anche servizi di formazione linguistica aziendale in modo che il tuo team possa comunicare facilmente in diverse lingue in un ambiente aziendale.<\/p><p>5. Approccio individuale: adattiamo i nostri servizi alle vostre esigenze. Dai trasferimenti a breve termine ai progetti a lungo termine: siamo sempre pronti a collaborare.<\/p><p>6. Rispetto della riservatezza: comprendiamo l&#8217;importanza della riservatezza, quindi garantiamo l&#8217;assoluta sicurezza dei vostri dati e informazioni.<\/p><p>7. Alta qualit\u00e0 e scadenze: garantiamo traduzioni di alta qualit\u00e0 e rispetto delle scadenze affinch\u00e9 possiate utilizzare i risultati dei nostri servizi.<\/p><p>Rendi pi\u00f9 semplice la tua comunicazione internazionale con i nostri servizi linguistici professionali. Creiamo ponti tra culture e vi aiutiamo a raggiungere i vostri obiettivi aziendali in un ambiente globale.<\/p>\t\t\t\t\t\t\t\t<\/div>\n\t\t\t\t<\/div>\n\t\t\t\t<section class=\"elementor-section elementor-inner-section elementor-element elementor-element-38700e71 elementor-section-boxed elementor-section-height-default elementor-section-height-default elementor-invisible\" data-id=\"38700e71\" data-element_type=\"section\" data-e-type=\"section\" data-settings=\"{&quot;animation&quot;:&quot;fadeInUp&quot;}\">\n\t\t\t\t\t\t<div class=\"elementor-container elementor-column-gap-default\">\n\t\t\t\t\t<div class=\"elementor-column elementor-col-50 elementor-inner-column elementor-element elementor-element-66bd8464\" data-id=\"66bd8464\" data-element_type=\"column\" data-e-type=\"column\">\n\t\t\t<div class=\"elementor-widget-wrap elementor-element-populated\">\n\t\t\t\t\t\t<div class=\"elementor-element elementor-element-57271209 elementor-widget elementor-widget-heading\" data-id=\"57271209\" data-element_type=\"widget\" data-e-type=\"widget\" data-widget_type=\"heading.default\">\n\t\t\t\t<div class=\"elementor-widget-container\">\n\t\t\t\t\t<h6 class=\"elementor-heading-title elementor-size-default\">Sopra<\/h6>\t\t\t\t<\/div>\n\t\t\t\t<\/div>\n\t\t\t\t<div class=\"elementor-element elementor-element-e08b4c2 elementor-widget elementor-widget-heading\" data-id=\"e08b4c2\" data-element_type=\"widget\" data-e-type=\"widget\" data-widget_type=\"heading.default\">\n\t\t\t\t<div class=\"elementor-widget-container\">\n\t\t\t\t\t<h4 class=\"elementor-heading-title elementor-size-default\">3k+<\/h4>\t\t\t\t<\/div>\n\t\t\t\t<\/div>\n\t\t\t\t<div class=\"elementor-element elementor-element-68018d7a elementor-widget elementor-widget-heading\" data-id=\"68018d7a\" data-element_type=\"widget\" data-e-type=\"widget\" data-widget_type=\"heading.default\">\n\t\t\t\t<div class=\"elementor-widget-container\">\n\t\t\t\t\t<h6 class=\"elementor-heading-title elementor-size-default\">Uno studente soddisfatto<\/h6>\t\t\t\t<\/div>\n\t\t\t\t<\/div>\n\t\t\t\t\t<\/div>\n\t\t<\/div>\n\t\t\t\t<div class=\"elementor-column elementor-col-50 elementor-inner-column elementor-element elementor-element-2d247479\" data-id=\"2d247479\" data-element_type=\"column\" data-e-type=\"column\">\n\t\t\t<div class=\"elementor-widget-wrap elementor-element-populated\">\n\t\t\t\t\t\t<div class=\"elementor-element elementor-element-6927e21e elementor-widget elementor-widget-heading\" data-id=\"6927e21e\" data-element_type=\"widget\" data-e-type=\"widget\" data-widget_type=\"heading.default\">\n\t\t\t\t<div class=\"elementor-widget-container\">\n\t\t\t\t\t<h6 class=\"elementor-heading-title elementor-size-default\">Esperienza<\/h6>\t\t\t\t<\/div>\n\t\t\t\t<\/div>\n\t\t\t\t<div class=\"elementor-element elementor-element-4e58be70 elementor-widget elementor-widget-heading\" data-id=\"4e58be70\" data-element_type=\"widget\" data-e-type=\"widget\" data-widget_type=\"heading.default\">\n\t\t\t\t<div class=\"elementor-widget-container\">\n\t\t\t\t\t<h4 class=\"elementor-heading-title elementor-size-default\">12+<\/h4>\t\t\t\t<\/div>\n\t\t\t\t<\/div>\n\t\t\t\t<div class=\"elementor-element elementor-element-3b35e9fa elementor-widget elementor-widget-heading\" data-id=\"3b35e9fa\" data-element_type=\"widget\" data-e-type=\"widget\" data-widget_type=\"heading.default\">\n\t\t\t\t<div class=\"elementor-widget-container\">\n\t\t\t\t\t<h6 class=\"elementor-heading-title elementor-size-default\">Anni di esperienza<\/h6>\t\t\t\t<\/div>\n\t\t\t\t<\/div>\n\t\t\t\t\t<\/div>\n\t\t<\/div>\n\t\t\t\t\t<\/div>\n\t\t<\/section>\n\t\t\t\t\t<\/div>\n\t\t<\/div>\n\t\t\t\t\t<\/div>\n\t\t<\/section>\n\t\t\t\t<section class=\"elementor-section elementor-top-section elementor-element elementor-element-b990757 elementor-section-boxed elementor-section-height-default elementor-section-height-default\" data-id=\"b990757\" data-element_type=\"section\" data-e-type=\"section\">\n\t\t\t\t\t\t<div class=\"elementor-container elementor-column-gap-default\">\n\t\t\t\t\t<div class=\"elementor-column elementor-col-100 elementor-top-column elementor-element elementor-element-3cd3c685\" data-id=\"3cd3c685\" data-element_type=\"column\" data-e-type=\"column\">\n\t\t\t<div class=\"elementor-widget-wrap elementor-element-populated\">\n\t\t\t\t\t\t<div class=\"elementor-element elementor-element-71daa188 elementor-invisible elementor-widget elementor-widget-elementskit-heading\" data-id=\"71daa188\" data-element_type=\"widget\" data-e-type=\"widget\" data-settings=\"{&quot;_animation&quot;:&quot;fadeInDown&quot;}\" data-widget_type=\"elementskit-heading.default\">\n\t\t\t\t<div class=\"elementor-widget-container\">\n\t\t\t\t\t<div class=\"ekit-wid-con\" ><div class=\"ekit-heading elementskit-section-title-wraper text_center   ekit_heading_tablet-   ekit_heading_mobile-\"><h2 class=\"ekit-heading--title elementskit-section-title \">Le nostre <span><span>Novit\u00e0<\/span><\/span><\/h2><\/div><\/div>\t\t\t\t<\/div>\n\t\t\t\t<\/div>\n\t\t\t\t\t<\/div>\n\t\t<\/div>\n\t\t\t\t\t<\/div>\n\t\t<\/section>\n\t\t\t\t<section class=\"elementor-section elementor-top-section elementor-element elementor-element-53f4e71b elementor-section-boxed elementor-section-height-default elementor-section-height-default elementor-invisible\" data-id=\"53f4e71b\" data-element_type=\"section\" data-e-type=\"section\" data-settings=\"{&quot;animation&quot;:&quot;fadeInUp&quot;,&quot;animation_delay&quot;:100}\">\n\t\t\t\t\t\t<div class=\"elementor-container elementor-column-gap-default\">\n\t\t\t\t\t<div class=\"elementor-column elementor-col-100 elementor-top-column elementor-element elementor-element-23d9c3b0\" data-id=\"23d9c3b0\" data-element_type=\"column\" data-e-type=\"column\">\n\t\t\t<div class=\"elementor-widget-wrap elementor-element-populated\">\n\t\t\t\t\t\t<div class=\"elementor-element elementor-element-2400afa0 elementor-widget elementor-widget-elementskit-blog-posts\" data-id=\"2400afa0\" data-element_type=\"widget\" data-e-type=\"widget\" data-widget_type=\"elementskit-blog-posts.default\">\n\t\t\t\t<div class=\"elementor-widget-container\">\n\t\t\t\t\t<div class=\"ekit-wid-con\" >        <div id=\"post-items--2400afa0\" class=\"row post-items\">\n                <\/div>\n       <\/div>\t\t\t\t<\/div>\n\t\t\t\t<\/div>\n\t\t\t\t\t<\/div>\n\t\t<\/div>\n\t\t\t\t\t<\/div>\n\t\t<\/section>\n\t\t\t\t<section class=\"elementor-section elementor-top-section elementor-element elementor-element-70abacaa elementor-section-boxed elementor-section-height-default elementor-section-height-default\" data-id=\"70abacaa\" data-element_type=\"section\" data-e-type=\"section\">\n\t\t\t\t\t\t<div class=\"elementor-container elementor-column-gap-default\">\n\t\t\t\t\t<div class=\"elementor-column elementor-col-100 elementor-top-column elementor-element elementor-element-6c3a2f8d\" data-id=\"6c3a2f8d\" data-element_type=\"column\" data-e-type=\"column\">\n\t\t\t<div class=\"elementor-widget-wrap elementor-element-populated\">\n\t\t\t\t\t\t<div class=\"elementor-element elementor-element-53822784 elementor-widget elementor-widget-spacer\" data-id=\"53822784\" data-element_type=\"widget\" data-e-type=\"widget\" data-widget_type=\"spacer.default\">\n\t\t\t\t<div class=\"elementor-widget-container\">\n\t\t\t\t\t\t\t<div class=\"elementor-spacer\">\n\t\t\t<div class=\"elementor-spacer-inner\"><\/div>\n\t\t<\/div>\n\t\t\t\t\t\t<\/div>\n\t\t\t\t<\/div>\n\t\t\t\t\t<\/div>\n\t\t<\/div>\n\t\t\t\t\t<\/div>\n\t\t<\/section>\n\t\t\t\t<\/div>\n\t\t\n    <div class=\"xs_social_share_widget xs_share_url after_content \t\tmain_content  wslu-style-1 wslu-share-box-shaped wslu-fill-colored wslu-none wslu-share-horizontal wslu-theme-font-no wslu-main_content\">\n\n\t\t\n        <ul>\n\t\t\t        <\/ul>\n    <\/div> \n","protected":false},"excerpt":{"rendered":"<p>Testi precedenti Insieme ai nostri istruttori esperti Benvenuti nel nostro centro di traduzioni linguistiche e traduzioni simultanee. Offriamo una variet\u00e0 di servizi di traduzione e interpretariato tra le lingue italiana, russa e lettone, aiutandovi a stabilire una comunicazione efficace nel mondo degli affari multilingue. Ci\u00f2 che rende unici i nostri servizi linguistici: 1. Traduttori professionisti: [&hellip;]<\/p>\n","protected":false},"author":14,"featured_media":0,"parent":0,"menu_order":0,"comment_status":"closed","ping_status":"closed","template":"elementor_header_footer","meta":{"postBodyCss":"","postBodyMargin":[],"postBodyPadding":[],"postBodyBackground":{"backgroundType":"classic","gradient":""},"_glsr_average":0,"_glsr_ranking":0,"_glsr_reviews":0,"footnotes":""},"class_list":["post-7396","page","type-page","status-publish","hentry"],"_links":{"self":[{"href":"https:\/\/leonardodavinci.lv\/it\/wp-json\/wp\/v2\/pages\/7396","targetHints":{"allow":["GET"]}}],"collection":[{"href":"https:\/\/leonardodavinci.lv\/it\/wp-json\/wp\/v2\/pages"}],"about":[{"href":"https:\/\/leonardodavinci.lv\/it\/wp-json\/wp\/v2\/types\/page"}],"author":[{"embeddable":true,"href":"https:\/\/leonardodavinci.lv\/it\/wp-json\/wp\/v2\/users\/14"}],"replies":[{"embeddable":true,"href":"https:\/\/leonardodavinci.lv\/it\/wp-json\/wp\/v2\/comments?post=7396"}],"version-history":[{"count":4,"href":"https:\/\/leonardodavinci.lv\/it\/wp-json\/wp\/v2\/pages\/7396\/revisions"}],"predecessor-version":[{"id":7400,"href":"https:\/\/leonardodavinci.lv\/it\/wp-json\/wp\/v2\/pages\/7396\/revisions\/7400"}],"wp:attachment":[{"href":"https:\/\/leonardodavinci.lv\/it\/wp-json\/wp\/v2\/media?parent=7396"}],"curies":[{"name":"wp","href":"https:\/\/api.w.org\/{rel}","templated":true}]}}