{"id":7401,"date":"2023-08-28T13:05:19","date_gmt":"2023-08-28T13:05:19","guid":{"rendered":"https:\/\/leonardodavinci.lv\/?page_id=7401"},"modified":"2023-08-30T16:33:13","modified_gmt":"2023-08-30T16:33:13","slug":"clis","status":"publish","type":"page","link":"https:\/\/leonardodavinci.lv\/it\/clis\/","title":{"rendered":"CLIS"},"content":{"rendered":"\t\t<div data-elementor-type=\"wp-page\" data-elementor-id=\"7401\" class=\"elementor elementor-7401 elementor-6976\" data-elementor-post-type=\"page\">\n\t\t\t\t\t\t<section class=\"elementor-section elementor-top-section elementor-element elementor-element-5822aabc elementor-section-content-middle elementor-section-boxed elementor-section-height-default elementor-section-height-default elementor-invisible\" data-id=\"5822aabc\" data-element_type=\"section\" data-e-type=\"section\" data-settings=\"{&quot;background_background&quot;:&quot;classic&quot;,&quot;animation&quot;:&quot;fadeIn&quot;}\">\n\t\t\t\t\t\t<div class=\"elementor-container elementor-column-gap-default\">\n\t\t\t\t\t<div class=\"elementor-column elementor-col-100 elementor-top-column elementor-element elementor-element-af323d8\" data-id=\"af323d8\" data-element_type=\"column\" data-e-type=\"column\">\n\t\t\t<div class=\"elementor-widget-wrap elementor-element-populated\">\n\t\t\t\t\t\t<div class=\"elementor-element elementor-element-2033dab6 elementor-widget__width-auto elementor-widget-tablet__width-initial elementor-hidden-mobile elementor-absolute elementor-invisible elementor-widget elementor-widget-image\" data-id=\"2033dab6\" data-element_type=\"widget\" data-e-type=\"widget\" data-settings=\"{&quot;_animation&quot;:&quot;zoomIn&quot;,&quot;_animation_delay&quot;:300,&quot;_position&quot;:&quot;absolute&quot;}\" data-widget_type=\"image.default\">\n\t\t\t\t<div class=\"elementor-widget-container\">\n\t\t\t\t\t\t\t\t\t\t\t\t\t\t\t<img decoding=\"async\" width=\"131\" height=\"120\" src=\"https:\/\/leonardodavinci.lv\/wp-content\/uploads\/2023\/08\/particles_1.png\" class=\"attachment-full size-full wp-image-7076\" alt=\"\" \/>\t\t\t\t\t\t\t\t\t\t\t\t\t\t\t<\/div>\n\t\t\t\t<\/div>\n\t\t\t\t<div class=\"elementor-element elementor-element-4956345f elementor-widget__width-auto elementor-widget-tablet__width-initial elementor-hidden-tablet elementor-hidden-mobile elementor-absolute elementor-invisible elementor-widget elementor-widget-image\" data-id=\"4956345f\" data-element_type=\"widget\" data-e-type=\"widget\" data-settings=\"{&quot;_animation&quot;:&quot;rollIn&quot;,&quot;_animation_delay&quot;:300,&quot;_position&quot;:&quot;absolute&quot;}\" data-widget_type=\"image.default\">\n\t\t\t\t<div class=\"elementor-widget-container\">\n\t\t\t\t\t\t\t\t\t\t\t\t\t\t\t<img decoding=\"async\" width=\"59\" height=\"59\" src=\"https:\/\/leonardodavinci.lv\/wp-content\/uploads\/2023\/08\/particles_2.png\" class=\"attachment-full size-full wp-image-7075\" alt=\"\" \/>\t\t\t\t\t\t\t\t\t\t\t\t\t\t\t<\/div>\n\t\t\t\t<\/div>\n\t\t\t\t<div class=\"elementor-element elementor-element-128363a4 elementor-widget__width-auto elementor-widget-tablet__width-initial elementor-hidden-mobile elementor-absolute elementor-invisible elementor-widget elementor-widget-image\" data-id=\"128363a4\" data-element_type=\"widget\" data-e-type=\"widget\" data-settings=\"{&quot;_animation&quot;:&quot;zoomIn&quot;,&quot;_animation_delay&quot;:300,&quot;_position&quot;:&quot;absolute&quot;}\" data-widget_type=\"image.default\">\n\t\t\t\t<div class=\"elementor-widget-container\">\n\t\t\t\t\t\t\t\t\t\t\t\t\t\t\t<img decoding=\"async\" width=\"88\" height=\"72\" src=\"https:\/\/leonardodavinci.lv\/wp-content\/uploads\/2023\/08\/particles_3.png\" class=\"attachment-full size-full wp-image-7074\" alt=\"\" \/>\t\t\t\t\t\t\t\t\t\t\t\t\t\t\t<\/div>\n\t\t\t\t<\/div>\n\t\t\t\t<div class=\"elementor-element elementor-element-670ca726 elementor-invisible elementor-widget elementor-widget-elementskit-heading\" data-id=\"670ca726\" data-element_type=\"widget\" data-e-type=\"widget\" data-settings=\"{&quot;_animation&quot;:&quot;fadeInDown&quot;}\" data-widget_type=\"elementskit-heading.default\">\n\t\t\t\t<div class=\"elementor-widget-container\">\n\t\t\t\t\t<div class=\"ekit-wid-con\" ><div class=\"ekit-heading elementskit-section-title-wraper text_center   ekit_heading_tablet-   ekit_heading_mobile-\"><h1 class=\"ekit-heading--title elementskit-section-title \">Prepariamo gli studenti per l\u2019ammissione alle universit\u00e0 italiane Ci stiamo preparando a superare l'esame CILS<\/h1><\/div><\/div>\t\t\t\t<\/div>\n\t\t\t\t<\/div>\n\t\t\t\t\t<\/div>\n\t\t<\/div>\n\t\t\t\t\t<\/div>\n\t\t<\/section>\n\t\t\t\t<section class=\"elementor-section elementor-top-section elementor-element elementor-element-7b02af31 elementor-section-content-middle elementor-section-boxed elementor-section-height-default elementor-section-height-default\" data-id=\"7b02af31\" data-element_type=\"section\" data-e-type=\"section\">\n\t\t\t\t\t\t<div class=\"elementor-container elementor-column-gap-default\">\n\t\t\t\t\t<div class=\"elementor-column elementor-col-50 elementor-top-column elementor-element elementor-element-6d283222\" data-id=\"6d283222\" data-element_type=\"column\" data-e-type=\"column\">\n\t\t\t<div class=\"elementor-widget-wrap elementor-element-populated\">\n\t\t\t\t\t\t<div class=\"elementor-element elementor-element-ced6365 elementor-invisible elementor-widget elementor-widget-image\" data-id=\"ced6365\" data-element_type=\"widget\" data-e-type=\"widget\" data-settings=\"{&quot;_animation&quot;:&quot;rotateInDownLeft&quot;}\" data-widget_type=\"image.default\">\n\t\t\t\t<div class=\"elementor-widget-container\">\n\t\t\t\t\t\t\t\t\t\t\t\t\t\t\t<img loading=\"lazy\" decoding=\"async\" width=\"1320\" height=\"1980\" src=\"https:\/\/leonardodavinci.lv\/wp-content\/uploads\/2023\/08\/pexels-rodolfo-quiros-1848731-1320-x-1980-1.jpg\" class=\"attachment-full size-full wp-image-7403\" alt=\"\" srcset=\"https:\/\/leonardodavinci.lv\/wp-content\/uploads\/2023\/08\/pexels-rodolfo-quiros-1848731-1320-x-1980-1.jpg 1320w, https:\/\/leonardodavinci.lv\/wp-content\/uploads\/2023\/08\/pexels-rodolfo-quiros-1848731-1320-x-1980-1-200x300.jpg 200w, https:\/\/leonardodavinci.lv\/wp-content\/uploads\/2023\/08\/pexels-rodolfo-quiros-1848731-1320-x-1980-1-683x1024.jpg 683w, https:\/\/leonardodavinci.lv\/wp-content\/uploads\/2023\/08\/pexels-rodolfo-quiros-1848731-1320-x-1980-1-768x1152.jpg 768w, https:\/\/leonardodavinci.lv\/wp-content\/uploads\/2023\/08\/pexels-rodolfo-quiros-1848731-1320-x-1980-1-1024x1536.jpg 1024w\" sizes=\"(max-width: 1320px) 100vw, 1320px\" \/>\t\t\t\t\t\t\t\t\t\t\t\t\t\t\t<\/div>\n\t\t\t\t<\/div>\n\t\t\t\t\t<\/div>\n\t\t<\/div>\n\t\t\t\t<div class=\"elementor-column elementor-col-50 elementor-top-column elementor-element elementor-element-7dde3d52\" data-id=\"7dde3d52\" data-element_type=\"column\" data-e-type=\"column\">\n\t\t\t<div class=\"elementor-widget-wrap elementor-element-populated\">\n\t\t\t\t\t\t<div class=\"elementor-element elementor-element-5f79064c elementor-invisible elementor-widget elementor-widget-heading\" data-id=\"5f79064c\" data-element_type=\"widget\" data-e-type=\"widget\" data-settings=\"{&quot;_animation&quot;:&quot;fadeInUp&quot;}\" data-widget_type=\"heading.default\">\n\t\t\t\t<div class=\"elementor-widget-container\">\n\t\t\t\t\t<h3 class=\"elementor-heading-title elementor-size-default\">Insieme ai nostri istruttori esperti<\/h3>\t\t\t\t<\/div>\n\t\t\t\t<\/div>\n\t\t\t\t<div class=\"elementor-element elementor-element-4a08dd54 elementor-invisible elementor-widget elementor-widget-text-editor\" data-id=\"4a08dd54\" data-element_type=\"widget\" data-e-type=\"widget\" data-settings=\"{&quot;_animation&quot;:&quot;fadeInUp&quot;}\" data-widget_type=\"text-editor.default\">\n\t\t\t\t<div class=\"elementor-widget-container\">\n\t\t\t\t\t\t\t\t\t<p>Siamo lieti di presentarvi il nostro programma di preparazione, che garantir\u00e0 il vostro ingresso di successo nelle universit\u00e0 italiane e il superamento dell&#8217;esame CILS. Il nostro obiettivo \u00e8 sostenervi in ogni fase di questo importante percorso.<\/p><p>In cosa i nostri corsi si distinguono:<\/p><ul><li>Preparazione all&#8217;ingresso all&#8217;universit\u00e0: Abbiamo sviluppato un corso specializzato che vi aiuter\u00e0 a prepararvi per gli esami di ammissione e i requisiti delle universit\u00e0 italiane.<\/li><li>Guida esperta al CILS: I nostri insegnanti esperti vi guideranno attraverso ogni aspetto dell&#8217;esame CILS, aiutandovi a acquisire le competenze necessarie.<\/li><li>Attenzione individuale: Comprendiamo che ogni studente \u00e8 unico. Adatteremo il piano di studio alle vostre esigenze e al vostro livello di preparazione.<\/li><li>Pratica e allenamenti: Vi offriremo molte opportunit\u00e0 per la pratica, in modo che possiate sentirvi sicuri in ogni situazione.<\/li><li>Supporto di mentoring: I nostri insegnanti e consulenti saranno i vostri mentori e vi aiuteranno a superare qualsiasi difficolt\u00e0.<\/li><li>Orientamento al risultato: Siamo concentrati sul vostro successo. Vi prepariamo non solo per superare l&#8217;esame, ma anche per avere successo negli studi universitari in Italia.<\/li><\/ul><p>Unitevi al nostro programma e datevi l&#8217;opportunit\u00e0 di iniziare un nuovo capitolo nella vostra vita accademica e professionale. Vi aiuteremo a padroneggiare la lingua, a superare gli esami e a raggiungere i vostri obiettivi pi\u00f9 elevati. Preparatevi al futuro con noi!<\/p><p>\u00a0<\/p>\t\t\t\t\t\t\t\t<\/div>\n\t\t\t\t<\/div>\n\t\t\t\t<section class=\"elementor-section elementor-inner-section elementor-element elementor-element-127afda2 elementor-section-boxed elementor-section-height-default elementor-section-height-default elementor-invisible\" data-id=\"127afda2\" data-element_type=\"section\" data-e-type=\"section\" data-settings=\"{&quot;animation&quot;:&quot;fadeInUp&quot;}\">\n\t\t\t\t\t\t<div class=\"elementor-container elementor-column-gap-default\">\n\t\t\t\t\t<div class=\"elementor-column elementor-col-50 elementor-inner-column elementor-element elementor-element-41b6eee7\" data-id=\"41b6eee7\" data-element_type=\"column\" data-e-type=\"column\">\n\t\t\t<div class=\"elementor-widget-wrap elementor-element-populated\">\n\t\t\t\t\t\t<div class=\"elementor-element elementor-element-5489efca elementor-widget elementor-widget-heading\" data-id=\"5489efca\" data-element_type=\"widget\" data-e-type=\"widget\" data-widget_type=\"heading.default\">\n\t\t\t\t<div class=\"elementor-widget-container\">\n\t\t\t\t\t<h6 class=\"elementor-heading-title elementor-size-default\">Sopra<\/h6>\t\t\t\t<\/div>\n\t\t\t\t<\/div>\n\t\t\t\t<div class=\"elementor-element elementor-element-3ea57e0 elementor-widget elementor-widget-heading\" data-id=\"3ea57e0\" data-element_type=\"widget\" data-e-type=\"widget\" data-widget_type=\"heading.default\">\n\t\t\t\t<div class=\"elementor-widget-container\">\n\t\t\t\t\t<h4 class=\"elementor-heading-title elementor-size-default\">3k+<\/h4>\t\t\t\t<\/div>\n\t\t\t\t<\/div>\n\t\t\t\t<div class=\"elementor-element elementor-element-45007988 elementor-widget elementor-widget-heading\" data-id=\"45007988\" data-element_type=\"widget\" data-e-type=\"widget\" data-widget_type=\"heading.default\">\n\t\t\t\t<div class=\"elementor-widget-container\">\n\t\t\t\t\t<h6 class=\"elementor-heading-title elementor-size-default\">Uno studente soddisfatto<\/h6>\t\t\t\t<\/div>\n\t\t\t\t<\/div>\n\t\t\t\t\t<\/div>\n\t\t<\/div>\n\t\t\t\t<div class=\"elementor-column elementor-col-50 elementor-inner-column elementor-element elementor-element-a136626\" data-id=\"a136626\" data-element_type=\"column\" data-e-type=\"column\">\n\t\t\t<div class=\"elementor-widget-wrap elementor-element-populated\">\n\t\t\t\t\t\t<div class=\"elementor-element elementor-element-285b2724 elementor-widget elementor-widget-heading\" data-id=\"285b2724\" data-element_type=\"widget\" data-e-type=\"widget\" data-widget_type=\"heading.default\">\n\t\t\t\t<div class=\"elementor-widget-container\">\n\t\t\t\t\t<h6 class=\"elementor-heading-title elementor-size-default\">Esperienza<\/h6>\t\t\t\t<\/div>\n\t\t\t\t<\/div>\n\t\t\t\t<div class=\"elementor-element elementor-element-4548df47 elementor-widget elementor-widget-heading\" data-id=\"4548df47\" data-element_type=\"widget\" data-e-type=\"widget\" data-widget_type=\"heading.default\">\n\t\t\t\t<div class=\"elementor-widget-container\">\n\t\t\t\t\t<h4 class=\"elementor-heading-title elementor-size-default\">12+<\/h4>\t\t\t\t<\/div>\n\t\t\t\t<\/div>\n\t\t\t\t<div class=\"elementor-element elementor-element-45aff04c elementor-widget elementor-widget-heading\" data-id=\"45aff04c\" data-element_type=\"widget\" data-e-type=\"widget\" data-widget_type=\"heading.default\">\n\t\t\t\t<div class=\"elementor-widget-container\">\n\t\t\t\t\t<h6 class=\"elementor-heading-title elementor-size-default\">Anni di esperienza<\/h6>\t\t\t\t<\/div>\n\t\t\t\t<\/div>\n\t\t\t\t\t<\/div>\n\t\t<\/div>\n\t\t\t\t\t<\/div>\n\t\t<\/section>\n\t\t\t\t\t<\/div>\n\t\t<\/div>\n\t\t\t\t\t<\/div>\n\t\t<\/section>\n\t\t\t\t<section class=\"elementor-section elementor-top-section elementor-element elementor-element-503f5f78 elementor-section-boxed elementor-section-height-default elementor-section-height-default\" data-id=\"503f5f78\" data-element_type=\"section\" data-e-type=\"section\">\n\t\t\t\t\t\t<div class=\"elementor-container elementor-column-gap-default\">\n\t\t\t\t\t<div class=\"elementor-column elementor-col-100 elementor-top-column elementor-element elementor-element-655ffa9\" data-id=\"655ffa9\" data-element_type=\"column\" data-e-type=\"column\">\n\t\t\t<div class=\"elementor-widget-wrap elementor-element-populated\">\n\t\t\t\t\t\t<div class=\"elementor-element elementor-element-6dd1e68f elementor-invisible elementor-widget elementor-widget-elementskit-heading\" data-id=\"6dd1e68f\" data-element_type=\"widget\" data-e-type=\"widget\" data-settings=\"{&quot;_animation&quot;:&quot;fadeInDown&quot;}\" data-widget_type=\"elementskit-heading.default\">\n\t\t\t\t<div class=\"elementor-widget-container\">\n\t\t\t\t\t<div class=\"ekit-wid-con\" ><div class=\"ekit-heading elementskit-section-title-wraper text_center   ekit_heading_tablet-   ekit_heading_mobile-\"><h2 class=\"ekit-heading--title elementskit-section-title \">Le nostre <span><span>Novit\u00e0<\/span><\/span><\/h2><\/div><\/div>\t\t\t\t<\/div>\n\t\t\t\t<\/div>\n\t\t\t\t\t<\/div>\n\t\t<\/div>\n\t\t\t\t\t<\/div>\n\t\t<\/section>\n\t\t\t\t<section class=\"elementor-section elementor-top-section elementor-element elementor-element-30de63a0 elementor-section-boxed elementor-section-height-default elementor-section-height-default elementor-invisible\" data-id=\"30de63a0\" data-element_type=\"section\" data-e-type=\"section\" data-settings=\"{&quot;animation&quot;:&quot;fadeInUp&quot;,&quot;animation_delay&quot;:100}\">\n\t\t\t\t\t\t<div class=\"elementor-container elementor-column-gap-default\">\n\t\t\t\t\t<div class=\"elementor-column elementor-col-100 elementor-top-column elementor-element elementor-element-d5c32ab\" data-id=\"d5c32ab\" data-element_type=\"column\" data-e-type=\"column\">\n\t\t\t<div class=\"elementor-widget-wrap elementor-element-populated\">\n\t\t\t\t\t\t<div class=\"elementor-element elementor-element-672fc953 elementor-widget elementor-widget-elementskit-blog-posts\" data-id=\"672fc953\" data-element_type=\"widget\" data-e-type=\"widget\" data-widget_type=\"elementskit-blog-posts.default\">\n\t\t\t\t<div class=\"elementor-widget-container\">\n\t\t\t\t\t<div class=\"ekit-wid-con\" >        <div id=\"post-items--672fc953\" class=\"row post-items\">\n                <\/div>\n       <\/div>\t\t\t\t<\/div>\n\t\t\t\t<\/div>\n\t\t\t\t\t<\/div>\n\t\t<\/div>\n\t\t\t\t\t<\/div>\n\t\t<\/section>\n\t\t\t\t<section class=\"elementor-section elementor-top-section elementor-element elementor-element-7327f192 elementor-section-boxed elementor-section-height-default elementor-section-height-default\" data-id=\"7327f192\" data-element_type=\"section\" data-e-type=\"section\">\n\t\t\t\t\t\t<div class=\"elementor-container elementor-column-gap-default\">\n\t\t\t\t\t<div class=\"elementor-column elementor-col-100 elementor-top-column elementor-element elementor-element-1c5bf36\" data-id=\"1c5bf36\" data-element_type=\"column\" data-e-type=\"column\">\n\t\t\t<div class=\"elementor-widget-wrap elementor-element-populated\">\n\t\t\t\t\t\t<div class=\"elementor-element elementor-element-775816a elementor-widget elementor-widget-spacer\" data-id=\"775816a\" data-element_type=\"widget\" data-e-type=\"widget\" data-widget_type=\"spacer.default\">\n\t\t\t\t<div class=\"elementor-widget-container\">\n\t\t\t\t\t\t\t<div class=\"elementor-spacer\">\n\t\t\t<div class=\"elementor-spacer-inner\"><\/div>\n\t\t<\/div>\n\t\t\t\t\t\t<\/div>\n\t\t\t\t<\/div>\n\t\t\t\t\t<\/div>\n\t\t<\/div>\n\t\t\t\t\t<\/div>\n\t\t<\/section>\n\t\t\t\t<\/div>\n\t\t\n    <div class=\"xs_social_share_widget xs_share_url after_content \t\tmain_content  wslu-style-1 wslu-share-box-shaped wslu-fill-colored wslu-none wslu-share-horizontal wslu-theme-font-no wslu-main_content\">\n\n\t\t\n        <ul>\n\t\t\t        <\/ul>\n    <\/div> \n","protected":false},"excerpt":{"rendered":"<p>Prepariamo gli studenti per l\u2019ammissione alle universit\u00e0 italiane Ci stiamo preparando a superare l&#8217;esame CILS Insieme ai nostri istruttori esperti Siamo lieti di presentarvi il nostro programma di preparazione, che garantir\u00e0 il vostro ingresso di successo nelle universit\u00e0 italiane e il superamento dell&#8217;esame CILS. Il nostro obiettivo \u00e8 sostenervi in ogni fase di questo importante [&hellip;]<\/p>\n","protected":false},"author":14,"featured_media":0,"parent":0,"menu_order":0,"comment_status":"closed","ping_status":"closed","template":"elementor_header_footer","meta":{"postBodyCss":"","postBodyMargin":[],"postBodyPadding":[],"postBodyBackground":{"backgroundType":"classic","gradient":""},"_glsr_average":0,"_glsr_ranking":0,"_glsr_reviews":0,"footnotes":""},"class_list":["post-7401","page","type-page","status-publish","hentry"],"_links":{"self":[{"href":"https:\/\/leonardodavinci.lv\/it\/wp-json\/wp\/v2\/pages\/7401","targetHints":{"allow":["GET"]}}],"collection":[{"href":"https:\/\/leonardodavinci.lv\/it\/wp-json\/wp\/v2\/pages"}],"about":[{"href":"https:\/\/leonardodavinci.lv\/it\/wp-json\/wp\/v2\/types\/page"}],"author":[{"embeddable":true,"href":"https:\/\/leonardodavinci.lv\/it\/wp-json\/wp\/v2\/users\/14"}],"replies":[{"embeddable":true,"href":"https:\/\/leonardodavinci.lv\/it\/wp-json\/wp\/v2\/comments?post=7401"}],"version-history":[{"count":8,"href":"https:\/\/leonardodavinci.lv\/it\/wp-json\/wp\/v2\/pages\/7401\/revisions"}],"predecessor-version":[{"id":7623,"href":"https:\/\/leonardodavinci.lv\/it\/wp-json\/wp\/v2\/pages\/7401\/revisions\/7623"}],"wp:attachment":[{"href":"https:\/\/leonardodavinci.lv\/it\/wp-json\/wp\/v2\/media?parent=7401"}],"curies":[{"name":"wp","href":"https:\/\/api.w.org\/{rel}","templated":true}]}}