{"id":7410,"date":"2023-08-25T11:30:43","date_gmt":"2023-08-25T11:30:43","guid":{"rendered":"https:\/\/leonardodavinci.lv\/?page_id=7410"},"modified":"2023-08-30T07:41:09","modified_gmt":"2023-08-30T07:41:09","slug":"valodu-kursi","status":"publish","type":"page","link":"https:\/\/leonardodavinci.lv\/it\/valodu-kursi\/","title":{"rendered":"VALODU KURSI"},"content":{"rendered":"\t\t<div data-elementor-type=\"wp-page\" data-elementor-id=\"7410\" class=\"elementor elementor-7410 elementor-6867\" data-elementor-post-type=\"page\">\n\t\t\t\t\t\t<section class=\"elementor-section elementor-top-section elementor-element elementor-element-77f7a9a8 elementor-section-content-middle elementor-section-boxed elementor-section-height-default elementor-section-height-default elementor-invisible\" data-id=\"77f7a9a8\" data-element_type=\"section\" data-e-type=\"section\" data-settings=\"{&quot;background_background&quot;:&quot;classic&quot;,&quot;animation&quot;:&quot;fadeIn&quot;}\">\n\t\t\t\t\t\t<div class=\"elementor-container elementor-column-gap-default\">\n\t\t\t\t\t<div class=\"elementor-column elementor-col-100 elementor-top-column elementor-element elementor-element-29a07ff\" data-id=\"29a07ff\" data-element_type=\"column\" data-e-type=\"column\">\n\t\t\t<div class=\"elementor-widget-wrap elementor-element-populated\">\n\t\t\t\t\t\t<div class=\"elementor-element elementor-element-fd29228 elementor-widget__width-auto elementor-widget-tablet__width-initial elementor-hidden-mobile elementor-absolute elementor-invisible elementor-widget elementor-widget-image\" data-id=\"fd29228\" data-element_type=\"widget\" data-e-type=\"widget\" data-settings=\"{&quot;_animation&quot;:&quot;zoomIn&quot;,&quot;_animation_delay&quot;:300,&quot;_position&quot;:&quot;absolute&quot;}\" data-widget_type=\"image.default\">\n\t\t\t\t<div class=\"elementor-widget-container\">\n\t\t\t\t\t\t\t\t\t\t\t\t\t\t\t<img decoding=\"async\" width=\"131\" height=\"120\" src=\"https:\/\/leonardodavinci.lv\/wp-content\/uploads\/2023\/08\/particles_1.png\" class=\"attachment-full size-full wp-image-7076\" alt=\"\" \/>\t\t\t\t\t\t\t\t\t\t\t\t\t\t\t<\/div>\n\t\t\t\t<\/div>\n\t\t\t\t<div class=\"elementor-element elementor-element-535a20a0 elementor-widget__width-auto elementor-widget-tablet__width-initial elementor-hidden-tablet elementor-hidden-mobile elementor-absolute elementor-invisible elementor-widget elementor-widget-image\" data-id=\"535a20a0\" data-element_type=\"widget\" data-e-type=\"widget\" data-settings=\"{&quot;_animation&quot;:&quot;rollIn&quot;,&quot;_animation_delay&quot;:300,&quot;_position&quot;:&quot;absolute&quot;}\" data-widget_type=\"image.default\">\n\t\t\t\t<div class=\"elementor-widget-container\">\n\t\t\t\t\t\t\t\t\t\t\t\t\t\t\t<img decoding=\"async\" width=\"59\" height=\"59\" src=\"https:\/\/leonardodavinci.lv\/wp-content\/uploads\/2023\/08\/particles_2.png\" class=\"attachment-full size-full wp-image-7075\" alt=\"\" \/>\t\t\t\t\t\t\t\t\t\t\t\t\t\t\t<\/div>\n\t\t\t\t<\/div>\n\t\t\t\t<div class=\"elementor-element elementor-element-527439b8 elementor-widget__width-auto elementor-widget-tablet__width-initial elementor-hidden-mobile elementor-absolute elementor-invisible elementor-widget elementor-widget-image\" data-id=\"527439b8\" data-element_type=\"widget\" data-e-type=\"widget\" data-settings=\"{&quot;_animation&quot;:&quot;zoomIn&quot;,&quot;_animation_delay&quot;:300,&quot;_position&quot;:&quot;absolute&quot;}\" data-widget_type=\"image.default\">\n\t\t\t\t<div class=\"elementor-widget-container\">\n\t\t\t\t\t\t\t\t\t\t\t\t\t\t\t<img decoding=\"async\" width=\"88\" height=\"72\" src=\"https:\/\/leonardodavinci.lv\/wp-content\/uploads\/2023\/08\/particles_3.png\" class=\"attachment-full size-full wp-image-7074\" alt=\"\" \/>\t\t\t\t\t\t\t\t\t\t\t\t\t\t\t<\/div>\n\t\t\t\t<\/div>\n\t\t\t\t<div class=\"elementor-element elementor-element-a5312b8 elementor-invisible elementor-widget elementor-widget-elementskit-heading\" data-id=\"a5312b8\" data-element_type=\"widget\" data-e-type=\"widget\" data-settings=\"{&quot;_animation&quot;:&quot;fadeInDown&quot;}\" data-widget_type=\"elementskit-heading.default\">\n\t\t\t\t<div class=\"elementor-widget-container\">\n\t\t\t\t\t<div class=\"ekit-wid-con\" ><div class=\"ekit-heading elementskit-section-title-wraper text_center   ekit_heading_tablet-   ekit_heading_mobile-\"><h1 class=\"ekit-heading--title elementskit-section-title \">Corsi di lingua italiana<\/h1><\/div><\/div>\t\t\t\t<\/div>\n\t\t\t\t<\/div>\n\t\t\t\t\t<\/div>\n\t\t<\/div>\n\t\t\t\t\t<\/div>\n\t\t<\/section>\n\t\t\t\t<section class=\"elementor-section elementor-top-section elementor-element elementor-element-53737de1 elementor-section-content-middle elementor-section-boxed elementor-section-height-default elementor-section-height-default\" data-id=\"53737de1\" data-element_type=\"section\" data-e-type=\"section\">\n\t\t\t\t\t\t<div class=\"elementor-container elementor-column-gap-default\">\n\t\t\t\t\t<div class=\"elementor-column elementor-col-50 elementor-top-column elementor-element elementor-element-5576ca3d\" data-id=\"5576ca3d\" data-element_type=\"column\" data-e-type=\"column\">\n\t\t\t<div class=\"elementor-widget-wrap elementor-element-populated\">\n\t\t\t\t\t\t<div class=\"elementor-element elementor-element-2288f461 elementor-invisible elementor-widget elementor-widget-image\" data-id=\"2288f461\" data-element_type=\"widget\" data-e-type=\"widget\" data-settings=\"{&quot;_animation&quot;:&quot;rotateInDownLeft&quot;}\" data-widget_type=\"image.default\">\n\t\t\t\t<div class=\"elementor-widget-container\">\n\t\t\t\t\t\t\t\t\t\t\t\t\t\t\t<img loading=\"lazy\" decoding=\"async\" width=\"1267\" height=\"1900\" src=\"https:\/\/leonardodavinci.lv\/wp-content\/uploads\/2023\/08\/pexels-markus-spiske-131773-1267-x-1900-2.jpg\" class=\"attachment-full size-full wp-image-7352\" alt=\"\" srcset=\"https:\/\/leonardodavinci.lv\/wp-content\/uploads\/2023\/08\/pexels-markus-spiske-131773-1267-x-1900-2.jpg 1267w, https:\/\/leonardodavinci.lv\/wp-content\/uploads\/2023\/08\/pexels-markus-spiske-131773-1267-x-1900-2-200x300.jpg 200w, https:\/\/leonardodavinci.lv\/wp-content\/uploads\/2023\/08\/pexels-markus-spiske-131773-1267-x-1900-2-683x1024.jpg 683w, https:\/\/leonardodavinci.lv\/wp-content\/uploads\/2023\/08\/pexels-markus-spiske-131773-1267-x-1900-2-768x1152.jpg 768w, https:\/\/leonardodavinci.lv\/wp-content\/uploads\/2023\/08\/pexels-markus-spiske-131773-1267-x-1900-2-1024x1536.jpg 1024w\" sizes=\"(max-width: 1267px) 100vw, 1267px\" \/>\t\t\t\t\t\t\t\t\t\t\t\t\t\t\t<\/div>\n\t\t\t\t<\/div>\n\t\t\t\t\t<\/div>\n\t\t<\/div>\n\t\t\t\t<div class=\"elementor-column elementor-col-50 elementor-top-column elementor-element elementor-element-21a69b0b\" data-id=\"21a69b0b\" data-element_type=\"column\" data-e-type=\"column\">\n\t\t\t<div class=\"elementor-widget-wrap elementor-element-populated\">\n\t\t\t\t\t\t<div class=\"elementor-element elementor-element-32eef962 elementor-invisible elementor-widget elementor-widget-heading\" data-id=\"32eef962\" data-element_type=\"widget\" data-e-type=\"widget\" data-settings=\"{&quot;_animation&quot;:&quot;fadeInUp&quot;}\" data-widget_type=\"heading.default\">\n\t\t\t\t<div class=\"elementor-widget-container\">\n\t\t\t\t\t<h3 class=\"elementor-heading-title elementor-size-default\">Guidati dai nostri insegnanti esperti<\/h3>\t\t\t\t<\/div>\n\t\t\t\t<\/div>\n\t\t\t\t<div class=\"elementor-element elementor-element-7d9584bb elementor-invisible elementor-widget elementor-widget-text-editor\" data-id=\"7d9584bb\" data-element_type=\"widget\" data-e-type=\"widget\" data-settings=\"{&quot;_animation&quot;:&quot;fadeInUp&quot;}\" data-widget_type=\"text-editor.default\">\n\t\t\t\t<div class=\"elementor-widget-container\">\n\t\t\t\t\t\t\t\t\t<p style=\"font-weight: 400;\">Benvenuti ai nostri corsi flessibili e personalizzati di lingua italiana, creati per tutti coloro che desiderano padroneggiare questa bellissima lingua. Siamo orgogliosi di offrire un&#8217;ampia gamma di direzioni e formati di apprendimento per soddisfare tutte le vostre esigenze e desideri.<\/p><p style=\"font-weight: 400;\">Cosa rende i nostri corsi unici:<\/p><p><b>Diverse Direzioni:<\/b><span style=\"font-weight: 400;\"> Indipendentemente dai vostri obiettivi, che si tratti di viaggi, business, studio o semplicemente l&#8217;amore per la lingua italiana, offriamo corsi adattati ai vostri interessi. Comodit\u00e0 dell&#8217;Apprendimento <\/span><b>Online: <\/b><span style=\"font-weight: 400;\">Non \u00e8 necessario trovarsi nella nostra citt\u00e0. Offriamo l&#8217;opportunit\u00e0 di apprendere online, consentendovi di studiare ovunque vi troviate, anche in viaggio. <br \/><\/span><b>Approccio per Livelli:<\/b><span style=\"font-weight: 400;\"> Organizziamo gruppi in base al vostro livello di competenza linguistica, in modo che vi sentiate a vostro agio e possiate progredire.<br \/><\/span><b>Flessibilit\u00e0 nell&#8217;Orario delle Lezioni Private:<\/b><span style=\"font-weight: 400;\"> Comprendiamo che il vostro programma pu\u00f2 variare. Siamo pronti ad adattarci alle vostre circostanze e a tenere le lezioni quando vi \u00e8 pi\u00f9 comodo. Insegnanti <br \/><\/span><b>Professionisti<\/b><span style=\"font-weight: 400;\">: I nostri insegnanti esperti e qualificati garantiscono un&#8217;istruzione di alta qualit\u00e0 e un approccio personalizzato. Atmosfera Ispirante: Che siate in studio o online, sarete circondati dall&#8217;ispirazione e dal supporto per i vostri sforzi linguistici.<\/span><\/p><p style=\"font-weight: 400;\">Unitevi ai nostri corsi di lingua italiana e scoprite il mondo della lingua, della cultura e delle nuove opportunit\u00e0. Indipendentemente dalla vostra esperienza e posizione, abbiamo la soluzione perfetta per voi.<\/p>\t\t\t\t\t\t\t\t<\/div>\n\t\t\t\t<\/div>\n\t\t\t\t<section class=\"elementor-section elementor-inner-section elementor-element elementor-element-4a2cdfa0 elementor-section-boxed elementor-section-height-default elementor-section-height-default elementor-invisible\" data-id=\"4a2cdfa0\" data-element_type=\"section\" data-e-type=\"section\" data-settings=\"{&quot;animation&quot;:&quot;fadeInUp&quot;}\">\n\t\t\t\t\t\t<div class=\"elementor-container elementor-column-gap-default\">\n\t\t\t\t\t<div class=\"elementor-column elementor-col-50 elementor-inner-column elementor-element elementor-element-3976f813\" data-id=\"3976f813\" data-element_type=\"column\" data-e-type=\"column\">\n\t\t\t<div class=\"elementor-widget-wrap elementor-element-populated\">\n\t\t\t\t\t\t<div class=\"elementor-element elementor-element-7fbbfbc3 elementor-widget elementor-widget-heading\" data-id=\"7fbbfbc3\" data-element_type=\"widget\" data-e-type=\"widget\" data-widget_type=\"heading.default\">\n\t\t\t\t<div class=\"elementor-widget-container\">\n\t\t\t\t\t<h6 class=\"elementor-heading-title elementor-size-default\">Sopra<\/h6>\t\t\t\t<\/div>\n\t\t\t\t<\/div>\n\t\t\t\t<div class=\"elementor-element elementor-element-55b49346 elementor-widget elementor-widget-heading\" data-id=\"55b49346\" data-element_type=\"widget\" data-e-type=\"widget\" data-widget_type=\"heading.default\">\n\t\t\t\t<div class=\"elementor-widget-container\">\n\t\t\t\t\t<h4 class=\"elementor-heading-title elementor-size-default\">3k+<\/h4>\t\t\t\t<\/div>\n\t\t\t\t<\/div>\n\t\t\t\t<div class=\"elementor-element elementor-element-485b3ab7 elementor-widget elementor-widget-heading\" data-id=\"485b3ab7\" data-element_type=\"widget\" data-e-type=\"widget\" data-widget_type=\"heading.default\">\n\t\t\t\t<div class=\"elementor-widget-container\">\n\t\t\t\t\t<h6 class=\"elementor-heading-title elementor-size-default\">Uno studente soddisfatto<\/h6>\t\t\t\t<\/div>\n\t\t\t\t<\/div>\n\t\t\t\t\t<\/div>\n\t\t<\/div>\n\t\t\t\t<div class=\"elementor-column elementor-col-50 elementor-inner-column elementor-element elementor-element-5c1c2711\" data-id=\"5c1c2711\" data-element_type=\"column\" data-e-type=\"column\">\n\t\t\t<div class=\"elementor-widget-wrap elementor-element-populated\">\n\t\t\t\t\t\t<div class=\"elementor-element elementor-element-6786a336 elementor-widget elementor-widget-heading\" data-id=\"6786a336\" data-element_type=\"widget\" data-e-type=\"widget\" data-widget_type=\"heading.default\">\n\t\t\t\t<div class=\"elementor-widget-container\">\n\t\t\t\t\t<h6 class=\"elementor-heading-title elementor-size-default\">Esperienza<\/h6>\t\t\t\t<\/div>\n\t\t\t\t<\/div>\n\t\t\t\t<div class=\"elementor-element elementor-element-6a1a27f7 elementor-widget elementor-widget-heading\" data-id=\"6a1a27f7\" data-element_type=\"widget\" data-e-type=\"widget\" data-widget_type=\"heading.default\">\n\t\t\t\t<div class=\"elementor-widget-container\">\n\t\t\t\t\t<h4 class=\"elementor-heading-title elementor-size-default\">12+<\/h4>\t\t\t\t<\/div>\n\t\t\t\t<\/div>\n\t\t\t\t<div class=\"elementor-element elementor-element-5860bfd9 elementor-widget elementor-widget-heading\" data-id=\"5860bfd9\" data-element_type=\"widget\" data-e-type=\"widget\" data-widget_type=\"heading.default\">\n\t\t\t\t<div class=\"elementor-widget-container\">\n\t\t\t\t\t<h6 class=\"elementor-heading-title elementor-size-default\">Anni di esperienza<\/h6>\t\t\t\t<\/div>\n\t\t\t\t<\/div>\n\t\t\t\t\t<\/div>\n\t\t<\/div>\n\t\t\t\t\t<\/div>\n\t\t<\/section>\n\t\t\t\t\t<\/div>\n\t\t<\/div>\n\t\t\t\t\t<\/div>\n\t\t<\/section>\n\t\t\t\t<section class=\"elementor-section elementor-top-section elementor-element elementor-element-42c5fe82 elementor-section-boxed elementor-section-height-default elementor-section-height-default\" data-id=\"42c5fe82\" data-element_type=\"section\" data-e-type=\"section\">\n\t\t\t\t\t\t<div class=\"elementor-container elementor-column-gap-default\">\n\t\t\t\t\t<div class=\"elementor-column elementor-col-100 elementor-top-column elementor-element elementor-element-225802ac\" data-id=\"225802ac\" data-element_type=\"column\" data-e-type=\"column\">\n\t\t\t<div class=\"elementor-widget-wrap elementor-element-populated\">\n\t\t\t\t\t\t<div class=\"elementor-element elementor-element-384c191c elementor-invisible elementor-widget elementor-widget-elementskit-heading\" data-id=\"384c191c\" data-element_type=\"widget\" data-e-type=\"widget\" data-settings=\"{&quot;_animation&quot;:&quot;fadeInDown&quot;}\" data-widget_type=\"elementskit-heading.default\">\n\t\t\t\t<div class=\"elementor-widget-container\">\n\t\t\t\t\t<div class=\"ekit-wid-con\" ><div class=\"ekit-heading elementskit-section-title-wraper text_center   ekit_heading_tablet-   ekit_heading_mobile-\"><h2 class=\"ekit-heading--title elementskit-section-title \">Le nostre <span><span>Novit\u00e0<\/span><\/span><\/h2><\/div><\/div>\t\t\t\t<\/div>\n\t\t\t\t<\/div>\n\t\t\t\t\t<\/div>\n\t\t<\/div>\n\t\t\t\t\t<\/div>\n\t\t<\/section>\n\t\t\t\t<section class=\"elementor-section elementor-top-section elementor-element elementor-element-f9c58fa elementor-section-boxed elementor-section-height-default elementor-section-height-default elementor-invisible\" data-id=\"f9c58fa\" data-element_type=\"section\" data-e-type=\"section\" data-settings=\"{&quot;animation&quot;:&quot;fadeInUp&quot;,&quot;animation_delay&quot;:100}\">\n\t\t\t\t\t\t<div class=\"elementor-container elementor-column-gap-default\">\n\t\t\t\t\t<div class=\"elementor-column elementor-col-100 elementor-top-column elementor-element elementor-element-31dc2993\" data-id=\"31dc2993\" data-element_type=\"column\" data-e-type=\"column\">\n\t\t\t<div class=\"elementor-widget-wrap elementor-element-populated\">\n\t\t\t\t\t\t<div class=\"elementor-element elementor-element-58f9b67b elementor-widget elementor-widget-elementskit-blog-posts\" data-id=\"58f9b67b\" data-element_type=\"widget\" data-e-type=\"widget\" data-widget_type=\"elementskit-blog-posts.default\">\n\t\t\t\t<div class=\"elementor-widget-container\">\n\t\t\t\t\t<div class=\"ekit-wid-con\" >        <div id=\"post-items--58f9b67b\" class=\"row post-items\">\n                <\/div>\n       <\/div>\t\t\t\t<\/div>\n\t\t\t\t<\/div>\n\t\t\t\t\t<\/div>\n\t\t<\/div>\n\t\t\t\t\t<\/div>\n\t\t<\/section>\n\t\t\t\t<section class=\"elementor-section elementor-top-section elementor-element elementor-element-4cce5878 elementor-section-boxed elementor-section-height-default elementor-section-height-default\" data-id=\"4cce5878\" data-element_type=\"section\" data-e-type=\"section\">\n\t\t\t\t\t\t<div class=\"elementor-container elementor-column-gap-default\">\n\t\t\t\t\t<div class=\"elementor-column elementor-col-100 elementor-top-column elementor-element elementor-element-7f8b1c6b\" data-id=\"7f8b1c6b\" data-element_type=\"column\" data-e-type=\"column\">\n\t\t\t<div class=\"elementor-widget-wrap elementor-element-populated\">\n\t\t\t\t\t\t<div class=\"elementor-element elementor-element-5abb48fb elementor-widget elementor-widget-spacer\" data-id=\"5abb48fb\" data-element_type=\"widget\" data-e-type=\"widget\" data-widget_type=\"spacer.default\">\n\t\t\t\t<div class=\"elementor-widget-container\">\n\t\t\t\t\t\t\t<div class=\"elementor-spacer\">\n\t\t\t<div class=\"elementor-spacer-inner\"><\/div>\n\t\t<\/div>\n\t\t\t\t\t\t<\/div>\n\t\t\t\t<\/div>\n\t\t\t\t\t<\/div>\n\t\t<\/div>\n\t\t\t\t\t<\/div>\n\t\t<\/section>\n\t\t\t\t<\/div>\n\t\t\n    <div class=\"xs_social_share_widget xs_share_url after_content \t\tmain_content  wslu-style-1 wslu-share-box-shaped wslu-fill-colored wslu-none wslu-share-horizontal wslu-theme-font-no wslu-main_content\">\n\n\t\t\n        <ul>\n\t\t\t        <\/ul>\n    <\/div> \n","protected":false},"excerpt":{"rendered":"<p>Corsi di lingua italiana Guidati dai nostri insegnanti esperti Benvenuti ai nostri corsi flessibili e personalizzati di lingua italiana, creati per tutti coloro che desiderano padroneggiare questa bellissima lingua. Siamo orgogliosi di offrire un&#8217;ampia gamma di direzioni e formati di apprendimento per soddisfare tutte le vostre esigenze e desideri. Cosa rende i nostri corsi unici: [&hellip;]<\/p>\n","protected":false},"author":14,"featured_media":0,"parent":0,"menu_order":0,"comment_status":"closed","ping_status":"closed","template":"elementor_header_footer","meta":{"postBodyCss":"","postBodyMargin":[],"postBodyPadding":[],"postBodyBackground":{"backgroundType":"classic","gradient":""},"_glsr_average":0,"_glsr_ranking":0,"_glsr_reviews":0,"footnotes":""},"class_list":["post-7410","page","type-page","status-publish","hentry"],"_links":{"self":[{"href":"https:\/\/leonardodavinci.lv\/it\/wp-json\/wp\/v2\/pages\/7410","targetHints":{"allow":["GET"]}}],"collection":[{"href":"https:\/\/leonardodavinci.lv\/it\/wp-json\/wp\/v2\/pages"}],"about":[{"href":"https:\/\/leonardodavinci.lv\/it\/wp-json\/wp\/v2\/types\/page"}],"author":[{"embeddable":true,"href":"https:\/\/leonardodavinci.lv\/it\/wp-json\/wp\/v2\/users\/14"}],"replies":[{"embeddable":true,"href":"https:\/\/leonardodavinci.lv\/it\/wp-json\/wp\/v2\/comments?post=7410"}],"version-history":[{"count":10,"href":"https:\/\/leonardodavinci.lv\/it\/wp-json\/wp\/v2\/pages\/7410\/revisions"}],"predecessor-version":[{"id":7593,"href":"https:\/\/leonardodavinci.lv\/it\/wp-json\/wp\/v2\/pages\/7410\/revisions\/7593"}],"wp:attachment":[{"href":"https:\/\/leonardodavinci.lv\/it\/wp-json\/wp\/v2\/media?parent=7410"}],"curies":[{"name":"wp","href":"https:\/\/api.w.org\/{rel}","templated":true}]}}