{"id":7420,"date":"2023-08-24T11:21:45","date_gmt":"2023-08-24T11:21:45","guid":{"rendered":"https:\/\/leonardodavinci.lv\/?page_id=7420"},"modified":"2023-08-30T07:48:52","modified_gmt":"2023-08-30T07:48:52","slug":"berni-celotaji","status":"publish","type":"page","link":"https:\/\/leonardodavinci.lv\/it\/berni-celotaji\/","title":{"rendered":"B\u0113rni ce\u013cot\u0101ji"},"content":{"rendered":"\t\t<div data-elementor-type=\"wp-page\" data-elementor-id=\"7420\" class=\"elementor elementor-7420 elementor-6716\" data-elementor-post-type=\"page\">\n\t\t\t\t\t\t<section class=\"elementor-section elementor-top-section elementor-element elementor-element-5384fc91 elementor-section-content-middle elementor-section-boxed elementor-section-height-default elementor-section-height-default\" data-id=\"5384fc91\" data-element_type=\"section\" data-e-type=\"section\">\n\t\t\t\t\t\t<div class=\"elementor-container elementor-column-gap-default\">\n\t\t\t\t\t<div class=\"elementor-column elementor-col-50 elementor-top-column elementor-element elementor-element-2e7f3888\" data-id=\"2e7f3888\" data-element_type=\"column\" data-e-type=\"column\">\n\t\t\t<div class=\"elementor-widget-wrap elementor-element-populated\">\n\t\t\t\t\t\t<div class=\"elementor-element elementor-element-1ceefe02 elementor-invisible elementor-widget elementor-widget-image\" data-id=\"1ceefe02\" data-element_type=\"widget\" data-e-type=\"widget\" data-settings=\"{&quot;_animation&quot;:&quot;rotateInDownLeft&quot;}\" data-widget_type=\"image.default\">\n\t\t\t\t<div class=\"elementor-widget-container\">\n\t\t\t\t\t\t\t\t\t\t\t\t\t\t\t<img fetchpriority=\"high\" decoding=\"async\" width=\"1320\" height=\"1980\" src=\"https:\/\/leonardodavinci.lv\/wp-content\/uploads\/2023\/08\/pexels-sergey-makashin-5368726-1320-x-1980-1.jpg\" class=\"attachment-full size-full wp-image-7380\" alt=\"\" srcset=\"https:\/\/leonardodavinci.lv\/wp-content\/uploads\/2023\/08\/pexels-sergey-makashin-5368726-1320-x-1980-1.jpg 1320w, https:\/\/leonardodavinci.lv\/wp-content\/uploads\/2023\/08\/pexels-sergey-makashin-5368726-1320-x-1980-1-200x300.jpg 200w, https:\/\/leonardodavinci.lv\/wp-content\/uploads\/2023\/08\/pexels-sergey-makashin-5368726-1320-x-1980-1-683x1024.jpg 683w, https:\/\/leonardodavinci.lv\/wp-content\/uploads\/2023\/08\/pexels-sergey-makashin-5368726-1320-x-1980-1-768x1152.jpg 768w, https:\/\/leonardodavinci.lv\/wp-content\/uploads\/2023\/08\/pexels-sergey-makashin-5368726-1320-x-1980-1-1024x1536.jpg 1024w\" sizes=\"(max-width: 1320px) 100vw, 1320px\" \/>\t\t\t\t\t\t\t\t\t\t\t\t\t\t\t<\/div>\n\t\t\t\t<\/div>\n\t\t\t\t\t<\/div>\n\t\t<\/div>\n\t\t\t\t<div class=\"elementor-column elementor-col-50 elementor-top-column elementor-element elementor-element-7350fbbd\" data-id=\"7350fbbd\" data-element_type=\"column\" data-e-type=\"column\">\n\t\t\t<div class=\"elementor-widget-wrap elementor-element-populated\">\n\t\t\t\t\t\t<div class=\"elementor-element elementor-element-c3cfc9f elementor-invisible elementor-widget elementor-widget-heading\" data-id=\"c3cfc9f\" data-element_type=\"widget\" data-e-type=\"widget\" data-settings=\"{&quot;_animation&quot;:&quot;fadeInUp&quot;}\" data-widget_type=\"heading.default\">\n\t\t\t\t<div class=\"elementor-widget-container\">\n\t\t\t\t\t<h3 class=\"elementor-heading-title elementor-size-default\">La Lingua Italiana per Giovani Viaggiatori: Scopri il Mondo con Noi!<\/h3>\t\t\t\t<\/div>\n\t\t\t\t<\/div>\n\t\t\t\t<div class=\"elementor-element elementor-element-56cd5510 elementor-invisible elementor-widget elementor-widget-text-editor\" data-id=\"56cd5510\" data-element_type=\"widget\" data-e-type=\"widget\" data-settings=\"{&quot;_animation&quot;:&quot;fadeInUp&quot;}\" data-widget_type=\"text-editor.default\">\n\t\t\t\t<div class=\"elementor-widget-container\">\n\t\t\t\t\t\t\t\t\t<p style=\"font-weight: 400;\">Benvenuti nell&#8217;entusiasmante mondo della lingua italiana per bambini e adolescenti! I nostri corsi unici sono appositamente creati per giovani studenti che desiderano imparare una nuova lingua, immergersi nella cultura italiana e scoprire una moltitudine di opportunit\u00e0.<\/p><p style=\"font-weight: 400;\">Cosa rende le nostre lezioni per bambini e adolescenti cos\u00ec speciali:<\/p><p style=\"font-weight: 400;\"><strong>Approccio Ludico:<\/strong> Crediamo che l&#8217;apprendimento debba essere coinvolgente. Le nostre lezioni includono giochi, giochi di ruolo e attivit\u00e0 creative, rendendo il processo di apprendimento interessante e divertente.<strong> <br \/>Insegnanti Professionisti:<\/strong> I nostri insegnanti esperti si specializzano nell&#8217;insegnamento ai bambini e agli adolescenti e sanno come rendere le lezioni coinvolgenti e produttive.<strong> <br \/>Lezioni Interattive:<\/strong> Creiamo un&#8217;atmosfera in cui gli studenti partecipano attivamente, comunicano in italiano e mettono in pratica le loro conoscenze. <br \/><strong>Sviluppo di Tutte le Abilit\u00e0:<\/strong> Lavoriamo su tutte le abilit\u00e0 linguistiche &#8211; parlare, comprendere, leggere e scrivere &#8211; in modo che i bambini possano utilizzare pienamente la lingua italiana.<br \/><strong>Lezioni a Tema:<\/strong> Organizziamo lezioni su varie tematiche, dall&#8217;alimentazione ai viaggi, per consentire ai bambini di arricchire il loro vocabolario. <br \/><strong>Immersione Culturale:<\/strong> Raccontiamo ai bambini la cultura italiana, le tradizioni e le festivit\u00e0, in modo che possano capire meglio il paese, la lingua studiata e il mondo intorno a loro. <br \/><strong>Opportunit\u00e0 di Viaggi:<\/strong> La conoscenza della lingua italiana apre molte opportunit\u00e0 di viaggio e di comunicazione con coetanei provenienti da altri paesi.<br \/>Unisciti alle nostre lezioni di lingua italiana e permetti ai tuoi figli e adolescenti di intraprendere il loro percorso linguistico con noi. Non solo acquisiranno nuove competenze, ma vivranno un&#8217;avventura avvincente che render\u00e0 il loro mondo pi\u00f9 ricco e interessante.<\/p>\t\t\t\t\t\t\t\t<\/div>\n\t\t\t\t<\/div>\n\t\t\t\t<section class=\"elementor-section elementor-inner-section elementor-element elementor-element-1b383ffa elementor-section-boxed elementor-section-height-default elementor-section-height-default elementor-invisible\" data-id=\"1b383ffa\" data-element_type=\"section\" data-e-type=\"section\" data-settings=\"{&quot;animation&quot;:&quot;fadeInUp&quot;}\">\n\t\t\t\t\t\t<div class=\"elementor-container elementor-column-gap-default\">\n\t\t\t\t\t<div class=\"elementor-column elementor-col-50 elementor-inner-column elementor-element elementor-element-14d9c756\" data-id=\"14d9c756\" data-element_type=\"column\" data-e-type=\"column\">\n\t\t\t<div class=\"elementor-widget-wrap elementor-element-populated\">\n\t\t\t\t\t\t<div class=\"elementor-element elementor-element-4a4f2945 elementor-widget elementor-widget-heading\" data-id=\"4a4f2945\" data-element_type=\"widget\" data-e-type=\"widget\" data-widget_type=\"heading.default\">\n\t\t\t\t<div class=\"elementor-widget-container\">\n\t\t\t\t\t<h6 class=\"elementor-heading-title elementor-size-default\">Sopra<\/h6>\t\t\t\t<\/div>\n\t\t\t\t<\/div>\n\t\t\t\t<div class=\"elementor-element elementor-element-7941afb elementor-widget elementor-widget-heading\" data-id=\"7941afb\" data-element_type=\"widget\" data-e-type=\"widget\" data-widget_type=\"heading.default\">\n\t\t\t\t<div class=\"elementor-widget-container\">\n\t\t\t\t\t<h4 class=\"elementor-heading-title elementor-size-default\">3k+<\/h4>\t\t\t\t<\/div>\n\t\t\t\t<\/div>\n\t\t\t\t<div class=\"elementor-element elementor-element-6890cc70 elementor-widget elementor-widget-heading\" data-id=\"6890cc70\" data-element_type=\"widget\" data-e-type=\"widget\" data-widget_type=\"heading.default\">\n\t\t\t\t<div class=\"elementor-widget-container\">\n\t\t\t\t\t<h6 class=\"elementor-heading-title elementor-size-default\">Uno studente soddisfatto<\/h6>\t\t\t\t<\/div>\n\t\t\t\t<\/div>\n\t\t\t\t\t<\/div>\n\t\t<\/div>\n\t\t\t\t<div class=\"elementor-column elementor-col-50 elementor-inner-column elementor-element elementor-element-4bd221ef\" data-id=\"4bd221ef\" data-element_type=\"column\" data-e-type=\"column\">\n\t\t\t<div class=\"elementor-widget-wrap elementor-element-populated\">\n\t\t\t\t\t\t<div class=\"elementor-element elementor-element-72b88ca7 elementor-widget elementor-widget-heading\" data-id=\"72b88ca7\" data-element_type=\"widget\" data-e-type=\"widget\" data-widget_type=\"heading.default\">\n\t\t\t\t<div class=\"elementor-widget-container\">\n\t\t\t\t\t<h6 class=\"elementor-heading-title elementor-size-default\">Esperienza<\/h6>\t\t\t\t<\/div>\n\t\t\t\t<\/div>\n\t\t\t\t<div class=\"elementor-element elementor-element-1b091035 elementor-widget elementor-widget-heading\" data-id=\"1b091035\" data-element_type=\"widget\" data-e-type=\"widget\" data-widget_type=\"heading.default\">\n\t\t\t\t<div class=\"elementor-widget-container\">\n\t\t\t\t\t<h4 class=\"elementor-heading-title elementor-size-default\">12+<\/h4>\t\t\t\t<\/div>\n\t\t\t\t<\/div>\n\t\t\t\t<div class=\"elementor-element elementor-element-21fe2966 elementor-widget elementor-widget-heading\" data-id=\"21fe2966\" data-element_type=\"widget\" data-e-type=\"widget\" data-widget_type=\"heading.default\">\n\t\t\t\t<div class=\"elementor-widget-container\">\n\t\t\t\t\t<h6 class=\"elementor-heading-title elementor-size-default\">Anni di esperienza<\/h6>\t\t\t\t<\/div>\n\t\t\t\t<\/div>\n\t\t\t\t\t<\/div>\n\t\t<\/div>\n\t\t\t\t\t<\/div>\n\t\t<\/section>\n\t\t\t\t\t<\/div>\n\t\t<\/div>\n\t\t\t\t\t<\/div>\n\t\t<\/section>\n\t\t\t\t<section class=\"elementor-section elementor-top-section elementor-element elementor-element-9e04c0f elementor-section-boxed elementor-section-height-default elementor-section-height-default\" data-id=\"9e04c0f\" data-element_type=\"section\" data-e-type=\"section\">\n\t\t\t\t\t\t<div class=\"elementor-container elementor-column-gap-default\">\n\t\t\t\t\t<div class=\"elementor-column elementor-col-100 elementor-top-column elementor-element elementor-element-6593c03e\" data-id=\"6593c03e\" data-element_type=\"column\" data-e-type=\"column\">\n\t\t\t<div class=\"elementor-widget-wrap elementor-element-populated\">\n\t\t\t\t\t\t<div class=\"elementor-element elementor-element-4c0f562d elementor-invisible elementor-widget elementor-widget-elementskit-heading\" data-id=\"4c0f562d\" data-element_type=\"widget\" data-e-type=\"widget\" data-settings=\"{&quot;_animation&quot;:&quot;fadeInDown&quot;}\" data-widget_type=\"elementskit-heading.default\">\n\t\t\t\t<div class=\"elementor-widget-container\">\n\t\t\t\t\t<div class=\"ekit-wid-con\" ><div class=\"ekit-heading elementskit-section-title-wraper text_center   ekit_heading_tablet-   ekit_heading_mobile-\"><h2 class=\"ekit-heading--title elementskit-section-title \">Le nostre <span><span>Novit\u00e0<\/span><\/span><\/h2><\/div><\/div>\t\t\t\t<\/div>\n\t\t\t\t<\/div>\n\t\t\t\t\t<\/div>\n\t\t<\/div>\n\t\t\t\t\t<\/div>\n\t\t<\/section>\n\t\t\t\t<section class=\"elementor-section elementor-top-section elementor-element elementor-element-71b98f15 elementor-section-boxed elementor-section-height-default elementor-section-height-default elementor-invisible\" data-id=\"71b98f15\" data-element_type=\"section\" data-e-type=\"section\" data-settings=\"{&quot;animation&quot;:&quot;fadeInUp&quot;,&quot;animation_delay&quot;:100}\">\n\t\t\t\t\t\t<div class=\"elementor-container elementor-column-gap-default\">\n\t\t\t\t\t<div class=\"elementor-column elementor-col-100 elementor-top-column elementor-element elementor-element-521294a4\" data-id=\"521294a4\" data-element_type=\"column\" data-e-type=\"column\">\n\t\t\t<div class=\"elementor-widget-wrap elementor-element-populated\">\n\t\t\t\t\t\t<div class=\"elementor-element elementor-element-3d9f97ae elementor-widget elementor-widget-elementskit-blog-posts\" data-id=\"3d9f97ae\" data-element_type=\"widget\" data-e-type=\"widget\" data-widget_type=\"elementskit-blog-posts.default\">\n\t\t\t\t<div class=\"elementor-widget-container\">\n\t\t\t\t\t<div class=\"ekit-wid-con\" >        <div id=\"post-items--3d9f97ae\" class=\"row post-items\">\n                <\/div>\n       <\/div>\t\t\t\t<\/div>\n\t\t\t\t<\/div>\n\t\t\t\t\t<\/div>\n\t\t<\/div>\n\t\t\t\t\t<\/div>\n\t\t<\/section>\n\t\t\t\t<section class=\"elementor-section elementor-top-section elementor-element elementor-element-2b7d1303 elementor-section-boxed elementor-section-height-default elementor-section-height-default\" data-id=\"2b7d1303\" data-element_type=\"section\" data-e-type=\"section\">\n\t\t\t\t\t\t<div class=\"elementor-container elementor-column-gap-default\">\n\t\t\t\t\t<div class=\"elementor-column elementor-col-100 elementor-top-column elementor-element elementor-element-6092185f\" data-id=\"6092185f\" data-element_type=\"column\" data-e-type=\"column\">\n\t\t\t<div class=\"elementor-widget-wrap elementor-element-populated\">\n\t\t\t\t\t\t<div class=\"elementor-element elementor-element-f1194cc elementor-widget elementor-widget-spacer\" data-id=\"f1194cc\" data-element_type=\"widget\" data-e-type=\"widget\" data-widget_type=\"spacer.default\">\n\t\t\t\t<div class=\"elementor-widget-container\">\n\t\t\t\t\t\t\t<div class=\"elementor-spacer\">\n\t\t\t<div class=\"elementor-spacer-inner\"><\/div>\n\t\t<\/div>\n\t\t\t\t\t\t<\/div>\n\t\t\t\t<\/div>\n\t\t\t\t\t<\/div>\n\t\t<\/div>\n\t\t\t\t\t<\/div>\n\t\t<\/section>\n\t\t\t\t<\/div>\n\t\t\n    <div class=\"xs_social_share_widget xs_share_url after_content \t\tmain_content  wslu-style-1 wslu-share-box-shaped wslu-fill-colored wslu-none wslu-share-horizontal wslu-theme-font-no wslu-main_content\">\n\n\t\t\n        <ul>\n\t\t\t        <\/ul>\n    <\/div> \n","protected":false},"excerpt":{"rendered":"<p>La Lingua Italiana per Giovani Viaggiatori: Scopri il Mondo con Noi! Benvenuti nell&#8217;entusiasmante mondo della lingua italiana per bambini e adolescenti! I nostri corsi unici sono appositamente creati per giovani studenti che desiderano imparare una nuova lingua, immergersi nella cultura italiana e scoprire una moltitudine di opportunit\u00e0. Cosa rende le nostre lezioni per bambini e [&hellip;]<\/p>\n","protected":false},"author":14,"featured_media":0,"parent":0,"menu_order":0,"comment_status":"closed","ping_status":"closed","template":"elementor_header_footer","meta":{"postBodyCss":"","postBodyMargin":[],"postBodyPadding":[],"postBodyBackground":{"backgroundType":"classic","gradient":""},"_glsr_average":0,"_glsr_ranking":0,"_glsr_reviews":0,"footnotes":""},"class_list":["post-7420","page","type-page","status-publish","hentry"],"_links":{"self":[{"href":"https:\/\/leonardodavinci.lv\/it\/wp-json\/wp\/v2\/pages\/7420","targetHints":{"allow":["GET"]}}],"collection":[{"href":"https:\/\/leonardodavinci.lv\/it\/wp-json\/wp\/v2\/pages"}],"about":[{"href":"https:\/\/leonardodavinci.lv\/it\/wp-json\/wp\/v2\/types\/page"}],"author":[{"embeddable":true,"href":"https:\/\/leonardodavinci.lv\/it\/wp-json\/wp\/v2\/users\/14"}],"replies":[{"embeddable":true,"href":"https:\/\/leonardodavinci.lv\/it\/wp-json\/wp\/v2\/comments?post=7420"}],"version-history":[{"count":10,"href":"https:\/\/leonardodavinci.lv\/it\/wp-json\/wp\/v2\/pages\/7420\/revisions"}],"predecessor-version":[{"id":7602,"href":"https:\/\/leonardodavinci.lv\/it\/wp-json\/wp\/v2\/pages\/7420\/revisions\/7602"}],"wp:attachment":[{"href":"https:\/\/leonardodavinci.lv\/it\/wp-json\/wp\/v2\/media?parent=7420"}],"curies":[{"name":"wp","href":"https:\/\/api.w.org\/{rel}","templated":true}]}}